{"id":78,"date":"2012-04-10T14:15:35","date_gmt":"2012-04-10T14:15:35","guid":{"rendered":"http:\/\/35democraciaesp.desarrollo.blogs.cervantes.es\/?page_id=78"},"modified":"2012-04-10T14:15:35","modified_gmt":"2012-04-10T14:15:35","slug":"introduccion","status":"publish","type":"page","link":"https:\/\/blogs.cervantes.es\/35democraciaesp\/introduccion","title":{"rendered":"Introducci\u00f3n"},"content":{"rendered":"<p>En este blog 35DEMOcraciaEsp se pueden ver los carteles mostrados en  la exposici\u00f3n itinerante \u201c35 a\u00f1os de democracia en Espa\u00f1a. Publicidad  pol\u00edtica 1976-2011\u201d, organizada por el Instituto Cervantes, con la  colaboraci\u00f3n de la UNED. La exposici\u00f3n arranca en abril del 2012 en  Rabat (Marruecos) con un recorrido previsto por varios pa\u00edses.<\/p>\n<p>El comisariado de la exposici\u00f3n est\u00e1 a cargo de Ram\u00f3n Adell Argil\u00e9s,  que expone aqu\u00ed una parte seleccionada de los fondos pertenecientes a su  archivo.<\/p>\n<p>Nos ofrece unas breves pinceladas descriptivas, sobre cada pieza, y  nos sit\u00faa en el contexto de cada cartel, a modo de \u201cvisita guiada de la  exposici\u00f3n\u201d. M\u00e1s adelante se ir\u00e1n ofreciendo algunas ampliaciones  gr\u00e1ficas, de otros materiales relacionados que no aparecen expuestos en  esta ocasi\u00f3n, \u201cpinchando\u201d en los elementos subrayados a tal efecto.<\/p>\n<p>En los comentarios que aqu\u00ed se aportan, puede haber imprecisiones o  datos desconocidos como la autor\u00eda gr\u00e1fica o comunicativa, o detalles y  comentarios que se pudieran aportar. Sirva este blog para recoger, de  los visitantes, todas estas informaciones, errores o carencias. Por  tanto se agradecer\u00e1n todas aquellas contribuciones que aporten alguna  luz al dato t\u00e9cnico, comunicativo, o incluso que nos cuenten an\u00e9cdotas  personales relacionadas con la obra.<\/p>\n","protected":false},"excerpt":{"rendered":"En este blog 35DEMOcraciaEsp se pueden ver los carteles mostrados en  la exposici\u00f3n itinerante \u201c35 a\u00f1os de democracia en Espa\u00f1a. Publicidad  pol\u00edtica 1976-2011\u201d, &hellip;","protected":false},"author":1,"featured_media":0,"parent":0,"menu_order":0,"comment_status":"open","ping_status":"open","template":"","meta":[],"_links":{"self":[{"href":"https:\/\/blogs.cervantes.es\/35democraciaesp\/wp-json\/wp\/v2\/pages\/78"}],"collection":[{"href":"https:\/\/blogs.cervantes.es\/35democraciaesp\/wp-json\/wp\/v2\/pages"}],"about":[{"href":"https:\/\/blogs.cervantes.es\/35democraciaesp\/wp-json\/wp\/v2\/types\/page"}],"author":[{"embeddable":true,"href":"https:\/\/blogs.cervantes.es\/35democraciaesp\/wp-json\/wp\/v2\/users\/1"}],"replies":[{"embeddable":true,"href":"https:\/\/blogs.cervantes.es\/35democraciaesp\/wp-json\/wp\/v2\/comments?post=78"}],"version-history":[{"count":0,"href":"https:\/\/blogs.cervantes.es\/35democraciaesp\/wp-json\/wp\/v2\/pages\/78\/revisions"}],"wp:attachment":[{"href":"https:\/\/blogs.cervantes.es\/35democraciaesp\/wp-json\/wp\/v2\/media?parent=78"}],"curies":[{"name":"wp","href":"https:\/\/api.w.org\/{rel}","templated":true}]}}