{"id":82,"date":"2012-04-10T14:17:32","date_gmt":"2012-04-10T14:17:32","guid":{"rendered":"http:\/\/35democraciaesp.desarrollo.blogs.cervantes.es\/?page_id=82"},"modified":"2012-04-10T14:17:32","modified_gmt":"2012-04-10T14:17:32","slug":"presentacion","status":"publish","type":"page","link":"https:\/\/blogs.cervantes.es\/35democraciaesp\/presentacion","title":{"rendered":"Presentaci\u00f3n"},"content":{"rendered":"<p>\u00ab35 a\u00f1os de democracia en Espa\u00f1a: Publicidad pol\u00edtica 1976-2011\u00bb<\/p>\n<p>Espa\u00f1a vive el mayor periodo democr\u00e1tico de su historia. En los  \u00faltimos treinta y cinco a\u00f1os, la democracia espa\u00f1ola se ha afianzado y  consolidado. Una de las principales conquistas ha sido el derecho al  voto libre y secreto, con el que la ciudadan\u00eda elige, cada cuatro a\u00f1os, a  sus representantes en las instituciones nacionales, auton\u00f3micas y  locales, as\u00ed como en las europeas. Por a\u00f1adidura, los espa\u00f1oles en este  periodo tambi\u00e9n han sido convocados en referendos o consultas a  pronunciarse sobre temas de especial inter\u00e9s (Reforma pol\u00edtica en 1976,  la Constituci\u00f3n en 1978, la pertenencia a la Alianza Atl\u00e1ntica en 1986,  la Constituci\u00f3n Europea en 2004 o los diversos estatutos de autonom\u00eda,  etc.).<\/p>\n<p>Los partidos pol\u00edticos aprovechan esas citas con las urnas para  acercarse a los votantes y tratan de atraerlos con sus s\u00edmbolos,  candidatos y promesas. A trav\u00e9s de sus lemas y grafismos vemos la  evoluci\u00f3n de los distintos estilos persuasivos, en funci\u00f3n de las  t\u00e9cnicas de comunicaci\u00f3n y del progresivo asentamiento democr\u00e1tico de la  sociedad espa\u00f1ola.<\/p>\n<p>Se expone aqu\u00ed una muestra de las campa\u00f1as electorales y referendos  celebrados en esos 35 a\u00f1os, situ\u00e1ndonos en la calle, desde la  perspectiva de la ciudadan\u00eda. Se expone, por orden cronol\u00f3gico, una  selecci\u00f3n plural de m\u00e1s de medio centenar de carteles y de cientos de  pegatinas y objetos, todos originales, que \u00abdecoraron\u00bb las ciudades y  los pueblos en aquellos a\u00f1os. Carteles y objetos que ped\u00edan el voto para  un partido o una coalici\u00f3n, o a favor o en contra de una propuesta de  inter\u00e9s nacional.<\/p>\n<p>En cuanto a los carteles, y para permitir que los visitantes se  sit\u00faen en los distintos contextos sociopol\u00edticos de la democracia  espa\u00f1ola, se puede ver a algunos de los candidatos m\u00e1s representativos  de las distintas etapas. Junto a l\u00edderes muy conocidos, que han llegado a  gobernar el Estado (Adolfo Su\u00e1rez, Felipe Gonz\u00e1lez, Jos\u00e9 Mar\u00eda Aznar,  Jos\u00e9 Luis Rodr\u00edguez Zapatero y Mariano Rajoy), aparecen algunos otros  que tambi\u00e9n lo intentaron desde otros posicionamientos (Manuel Fraga,  Santiago Carrillo, E. Tierno Galv\u00e1n). Por otra parte, tambi\u00e9n aparecen  algunos candidatos pol\u00e9micos (Ruiz Mateos, e incluso el golpista Tejero,  que se present\u00f3 en un intento de alcanzar la inmunidad parlamentaria,  un a\u00f1o despu\u00e9s de su intentona de golpe de Estado, etc.).<\/p>\n<p>Como criterio de selecci\u00f3n, se ha tenido presente la originalidad de  la propuesta o la est\u00e9tica del dibujo, del mensaje o de la foto. Por  tanto, son carteles cuyos mensajes \u00abdicen algo\u00bb, de tal modo que se  pueden leer los mensajes de entonces. Esl\u00f3ganes de continuidad como el  de \u00abUCD, cumple\u00bb (UCD, 1979)<em>,<\/em> o \u00abVamos a m\u00e1s\u00bb (PP, 2000), se  combinan junto con los mensajes de cambio (\u00abPor el cambio\u00bb, lema del  PSOE, en 1982, y \u00abS\u00famate al cambio\u00bb, lema del PP, en 2011).<\/p>\n<p>A los cl\u00e1sicos carteles con la imagen de los candidatos de  referencia, el lema de campa\u00f1a del momento y el anagrama del partido, se  a\u00f1aden otras opciones gr\u00e1ficas m\u00e1s impactantes e innovadoras. Muchas de  las propuestas que aqu\u00ed se exponen fueron, en su momento, una  arriesgada apuesta comunicativa, mientras que otras pertenecen a grupos  que optaron por campa\u00f1as m\u00e1s tradicionales y cl\u00e1sicas. Todas ellas son  producto del trabajo de militantes, artistas gr\u00e1ficos, dibujantes y  equipos de comunicaci\u00f3n, y conforman una muestra de la historia de  nuestras paredes. Vemos dibujos de diversos artistas, como Genov\u00e9s y el  Equipo Cr\u00f3nica, Quino, Jos\u00e9 Ram\u00f3n S\u00e1nchez, Jos\u00e9 Ram\u00f3n Ballesteros,  Cubr\u00ed, Agatha Ruiz de la Prada y otros muchos, que quedaron en el  anonimato. Algunos escritores o intelectuales de entonces aparecen  incluso como candidatos, como es el caso de Gabriel Celaya o Rafael  Alberti.<\/p>\n<p>Se observa que, con el tiempo, y especialmente en el caso de los  grandes partidos, las campa\u00f1as se vuelven m\u00e1s estudiadas y sobrias,  llegando al elector por otros m\u00faltiples cauces. El desarrollo de los  medios de comunicaci\u00f3n (radio, cine, televisi\u00f3n) y, m\u00e1s recientemente,  la irrupci\u00f3n de las nuevas tecnolog\u00edas (Internet, dispositivos m\u00f3viles,  etc.), acompa\u00f1adas de las redes sociales (foros, <em>blogs,<\/em> Facebook, Twitter, Tuenti, etc.), han transformado el escenario gr\u00e1fico-comunicativo.<\/p>\n<p>Se ha hecho especial hincapi\u00e9 en las primeras campa\u00f1as (1977 y 1979),  que, por su lejan\u00eda, pueden despertar una mayor emotividad en las  personas que las vivieron o incluso servir para ilustrar \u00abla lucha por  la democracia\u00bb ante el p\u00fablico m\u00e1s joven. De las \u00faltimas elecciones  generales (2011) se han elegido tres piezas, que representan el  bipartidismo (Rajoy y el PP, Rubalcaba y el PSOE) y el \u00abgrito mudo\u00bb del  artista Juan Mart\u00edn Zarza, que irrumpi\u00f3 en la campa\u00f1a junto a la  movilizaci\u00f3n del llamado 15M, reivindicando las minor\u00edas.<\/p>\n","protected":false},"excerpt":{"rendered":"\u00ab35 a\u00f1os de democracia en Espa\u00f1a: Publicidad pol\u00edtica 1976-2011\u00bb\nEspa\u00f1a vive el mayor periodo democr\u00e1tico de su historia. En los  \u00faltimos treinta y cinco a\u00f1os, &hellip;","protected":false},"author":1,"featured_media":0,"parent":0,"menu_order":0,"comment_status":"open","ping_status":"open","template":"","meta":[],"_links":{"self":[{"href":"https:\/\/blogs.cervantes.es\/35democraciaesp\/wp-json\/wp\/v2\/pages\/82"}],"collection":[{"href":"https:\/\/blogs.cervantes.es\/35democraciaesp\/wp-json\/wp\/v2\/pages"}],"about":[{"href":"https:\/\/blogs.cervantes.es\/35democraciaesp\/wp-json\/wp\/v2\/types\/page"}],"author":[{"embeddable":true,"href":"https:\/\/blogs.cervantes.es\/35democraciaesp\/wp-json\/wp\/v2\/users\/1"}],"replies":[{"embeddable":true,"href":"https:\/\/blogs.cervantes.es\/35democraciaesp\/wp-json\/wp\/v2\/comments?post=82"}],"version-history":[{"count":0,"href":"https:\/\/blogs.cervantes.es\/35democraciaesp\/wp-json\/wp\/v2\/pages\/82\/revisions"}],"wp:attachment":[{"href":"https:\/\/blogs.cervantes.es\/35democraciaesp\/wp-json\/wp\/v2\/media?parent=82"}],"curies":[{"name":"wp","href":"https:\/\/api.w.org\/{rel}","templated":true}]}}