{"id":2,"date":"2021-12-10T06:48:01","date_gmt":"2021-12-10T06:48:01","guid":{"rendered":"https:\/\/blogs.cervantes.es\/retablo-centenario\/?page_id=2"},"modified":"2023-03-21T10:38:46","modified_gmt":"2023-03-21T10:38:46","slug":"cartelera","status":"publish","type":"page","link":"https:\/\/blogs.cervantes.es\/retablo-centenario\/cartelera\/","title":{"rendered":"Cartelera"},"content":{"rendered":"\n<p><\/p>\n\n\n<p><div class=\"em pixelbones em-search has-search-main no-views no-advanced em-events-search\" id=\"em-search-1776811897\" data-view=\"list-grouped\">\n\t<form action=\"https:\/\/blogs.cervantes.es\/retablo-centenario\/cartelera\/\" method=\"post\" class=\"em-search-form\" id=\"em-search-form-1776811897\">\n\t\t<input type=\"hidden\" name=\"action\" value=\"search_events\" \/>\n\t\t<input type=\"hidden\" name=\"view_id\" value=\"1776811897\" \/>\n\t\t\t\t\t<div class=\"em-search-main em-search-main-bar\">\n\t\t\t\t\t\t\t\t<!-- START General Search -->\n<div class=\"em-search-text em-search-field input\">\n\t<label for=\"em-search-text-0\" class=\"screen-reader-text\">\n\t\tBuscar\t<\/label>\n\t<input type=\"text\" name=\"em_search\" class=\"em-search-text\" id=\"em-search-text-0\"  placeholder=\"Buscar\" >\n<\/div>\n<!-- END General Search --><!-- START GeoLocation Search -->\r\n<div class=\"em-search-geo em-search-field input\">\r\n\t<label for=\"em-search-geo-0\" class=\"screen-reader-text\">\r\n\t\tNear...\t<\/label>\r\n\t<input type=\"text\" name=\"geo\" class=\"em-search-geo\" id=\"em-search-geo-0\" value=\"\" placeholder=\"Near...\">\r\n\t<input type=\"hidden\" name=\"near\" class=\"em-search-geo-coords\" value=\"\" >\r\n\t<div id=\"em-search-geo-attr\" ><\/div>\r\n\t<script type=\"text\/javascript\">\r\n\t\tEM.geo_placeholder = 'Near...';\r\n\t\tEM.geo_alert_guess = 'Utilizaremos %s para buscar. \\n\\n Si esto es incorrecto, dale a cancelar y prueba una direcci\u00f3n m\u00e1s espec\u00edfica.';\r\n\t\tjQuery(document).on('em_maps_loaded', function() {\r\n\tjQuery('input.em-search-geo').each(function () {\r\n\t\tvar input = \/** @type {HTMLInputElement} *\/ jQuery(this);\r\n\t\tvar wrapper = input.closest('div.em-search-geo');\r\n\t\tvar autocomplete = new google.maps.places.Autocomplete(input[0]);\r\n\t\tvar geo_coords = wrapper.find(\"input.em-search-geo-coords\");\r\n\r\n\t\tvar geo_field_status = function (status) {\r\n\t\t\twrapper.data('status', status);\r\n\t\t\tvar em_search = wrapper.closest('.em-search-legacy');\r\n\t\t\t\/\/ backcompat\r\n\t\t\tif( em_search.length > 0 ){\r\n\t\t\t\t\/\/ old templates - soon to be deprecated\r\n\t\t\t\tif( status == 'on' ){\r\n\t\t\t\t\twrapper.css('background-image', wrapper.css('background-image').replace('search-geo.png', 'search-geo-on.png').replace('search-geo-off.png', 'search-geo-on.png'));\r\n\t\t\t\t\tem_search.find('select.em-search-country option:first-child').prop('selected','selected').trigger('change');\r\n\t\t\t\t\tem_search.find('.em-search-location').slideUp();\r\n\t\t\t\t\tem_search.find('.em-search-geo-units').slideDown();\r\n\t\t\t\t}else{\r\n\t\t\t\t\tif( status == 'off' ){\r\n\t\t\t\t\t\twrapper.css('background-image', wrapper.css('background-image').replace('search-geo.png', 'search-geo-off.png').replace('search-geo-on.png', 'search-geo-off.png'));\r\n\t\t\t\t\t}else{\r\n\t\t\t\t\t\twrapper.css('background-image', wrapper.css('background-image').replace('search-geo-off.png', 'search-geo.png').replace('search-geo-on.png', 'search-geo.png'));\r\n\t\t\t\t\t}\r\n\t\t\t\t\tlet current_value = geo_coords.val();\r\n\t\t\t\t\tgeo_coords.val('');\r\n\t\t\t\t\tif( current_value !== geo_coords.val() ){\r\n\t\t\t\t\t\tgeo_coords.trigger('change');\r\n\t\t\t\t\t}\r\n\t\t\t\t\tem_search.find('.em-search-location').slideDown();\r\n\t\t\t\t\tem_search.find('.em-search-geo-units').slideUp();\r\n\t\t\t\t}\r\n\t\t\t}else{\r\n\t\t\t\t\/\/ new templates\r\n\t\t\t\tem_search = wrapper.closest('.em-search, .em-search-advanced');\r\n\t\t\t\tif( status === 'on' ){\r\n\t\t\t\t\tinput.addClass('on').removeClass('off');\r\n\t\t\t\t\tem_search.find('select.em-search-country option:first-child').prop('selected','selected').trigger('change');\r\n\t\t\t\t\tem_search.find('.em-search-location').slideUp();\r\n\t\t\t\t\tem_search.find('.em-search-geo-units').slideDown();\r\n\t\t\t\t}else{\r\n\t\t\t\t\tif( status === 'off' ){\r\n\t\t\t\t\t\tinput.addClass('off').removeClass('on');\r\n\t\t\t\t\t}else{\r\n\t\t\t\t\t\tinput.removeClass('off').removeClass('on');\r\n\t\t\t\t\t}\r\n\t\t\t\t\tlet current_value = geo_coords.val();\r\n\t\t\t\t\tgeo_coords.val('');\r\n\t\t\t\t\tif( current_value !== geo_coords.val() ){\r\n\t\t\t\t\t\tgeo_coords.trigger('change');\r\n\t\t\t\t\t}\r\n\t\t\t\t\tem_search.find('.em-search-location').slideDown();\r\n\t\t\t\t\tem_search.find('.em-search-geo-units').slideUp();\r\n\t\t\t\t}\r\n\t\t\t}\r\n\t\t};\r\n\r\n\t\tvar ac_listener = function (place) {\r\n\t\t\tvar place = autocomplete.getPlace();\r\n\t\t\tif (!place || !place.geometry) { \/\/place not found\r\n\t\t\t\tif (input.val() == '' || input.val() == EM.geo_placeholder) {\r\n\t\t\t\t\tgeo_field_status(false);\r\n\t\t\t\t} else {\r\n\t\t\t\t\tif (wrapper.data('last-search') == input.val()) {\r\n\t\t\t\t\t\tgeo_field_status('on');\r\n\t\t\t\t\t\tlet current_value = geo_coords.val();\r\n\t\t\t\t\t\tgeo_coords.val(wrapper.data('last-coords'));\r\n\t\t\t\t\t\tif( current_value !== geo_coords.val() ){\r\n\t\t\t\t\t\t\tgeo_coords.trigger('change');\r\n\t\t\t\t\t\t}\r\n\t\t\t\t\t\treturn;\r\n\t\t\t\t\t}\r\n\t\t\t\t\t\/\/do a nearest match suggestion as last resort\r\n\t\t\t\t\tif (input.val().length >= 2) {\r\n\t\t\t\t\t\tgeo_field_status(false);\r\n\t\t\t\t\t\tautocompleteService = new google.maps.places.AutocompleteService();\r\n\t\t\t\t\t\tautocompleteService.getPlacePredictions({\r\n\t\t\t\t\t\t\t'input': input.val(),\r\n\t\t\t\t\t\t\t'offset': input.val().length\r\n\t\t\t\t\t\t}, function listentoresult(list, status) {\r\n\t\t\t\t\t\t\tif (list != null && list.length != 0) {\r\n\t\t\t\t\t\t\t\tplacesService = new google.maps.places.PlacesService(document.getElementById('em-search-geo-attr'));\r\n\t\t\t\t\t\t\t\tplacesService.getDetails({'reference': list[0].reference}, function detailsresult(detailsResult, placesServiceStatus) {\r\n\t\t\t\t\t\t\t\t\t\/\/we have a match, ask the user\r\n\t\t\t\t\t\t\t\t\twrapper.data('last-search', detailsResult.formatted_address);\r\n\t\t\t\t\t\t\t\t\twrapper.data('last-coords', detailsResult.geometry.location.lat() + ',' + detailsResult.geometry.location.lng());\r\n\t\t\t\t\t\t\t\t\tif (input.val() == detailsResult.formatted_address || confirm(EM.geo_alert_guess.replace('%s', '\"' + detailsResult.formatted_address + '\"'))) {\r\n\t\t\t\t\t\t\t\t\t\tgeo_field_status('on');\r\n\t\t\t\t\t\t\t\t\t\tlet current_value = geo_coords.val();\r\n\t\t\t\t\t\t\t\t\t\tgeo_coords.val(detailsResult.geometry.location.lat() + ',' + detailsResult.geometry.location.lng());\r\n\t\t\t\t\t\t\t\t\t\tif( current_value !== geo_coords.val() ){\r\n\t\t\t\t\t\t\t\t\t\t\tgeo_coords.trigger('change');\r\n\t\t\t\t\t\t\t\t\t\t}\r\n\t\t\t\t\t\t\t\t\t\tinput.val(detailsResult.formatted_address);\r\n\t\t\t\t\t\t\t\t\t} else {\r\n\t\t\t\t\t\t\t\t\t\tinput.data('last-key', false);\r\n\t\t\t\t\t\t\t\t\t\tgeo_field_status('off');\r\n\t\t\t\t\t\t\t\t\t}\r\n\t\t\t\t\t\t\t\t});\r\n\t\t\t\t\t\t\t} else {\r\n\t\t\t\t\t\t\t\tgeo_field_status('off');\r\n\t\t\t\t\t\t\t}\r\n\t\t\t\t\t\t});\r\n\t\t\t\t\t} else {\r\n\t\t\t\t\t\tgeo_field_status('off');\r\n\t\t\t\t\t}\r\n\t\t\t\t}\r\n\t\t\t\twrapper.data('last-search', input.val());\r\n\t\t\t\twrapper.data('last-coords', geo_coords.val());\r\n\t\t\t\treturn;\r\n\t\t\t}\r\n\t\t\tgeo_field_status('on');\r\n\t\t\tlet current_value = geo_coords.val();\r\n\t\t\tgeo_coords.val(place.geometry.location.lat() + ',' + place.geometry.location.lng());\r\n\t\t\tif( current_value !== geo_coords.val() ){\r\n\t\t\t\tgeo_coords.trigger('change');\r\n\t\t\t}\r\n\t\t\twrapper.data('last-search', input.val());\r\n\t\t\twrapper.data('last-coords', geo_coords.val());\r\n\t\t};\r\n\t\tgoogle.maps.event.addListener(autocomplete, 'place_changed', ac_listener);\r\n\r\n\t\tif (geo_coords.val() != '') {\r\n\t\t\tgeo_field_status('on');\r\n\t\t\twrapper.data('last-search', input.val());\r\n\t\t\twrapper.data('last-coords', geo_coords.val());\r\n\t\t}\r\n\t\tinput.on('keydown', function (e) {\r\n\t\t\t\/\/if enter is pressed once during 'near' input, don't do anything so Google can select location, otherwise let behavior (form submittal) proceed\r\n\t\t\tif (e.which == 13) {\r\n\t\t\t\tif (this.getAttribute('data-last-key') != 13 || wrapper.data('status') != 'on') {\r\n\t\t\t\t\te.preventDefault();\r\n\t\t\t\t}\r\n\t\t\t} else if( e.which == 8 && this.classList.contains('on') ){\r\n\t\t\t\t\/\/ clear a valid search and start again\r\n\t\t\t\tthis.value = '';\r\n\t\t\t\tgeo_field_status(false);\r\n\t\t\t}\r\n\t\t\tthis.setAttribute('data-last-key', e.which);\r\n\t\t}).on('keypress', function(e){\r\n\t\t\tif( e.which !== 13 && this.classList.contains('on') ){\r\n\t\t\t\t\/\/ clear a valid search and start again\r\n\t\t\t\tthis.value = '';\r\n\t\t\t}\r\n\t\t}).on('input', function(e){\r\n\t\t\tif (this.value == '') {\r\n\t\t\t\tgeo_field_status(false);\r\n\t\t\t} else if (wrapper.data('last-search') != this.value) {\r\n\t\t\t\tgeo_field_status('off');\r\n\t\t\t}\r\n\t\t}).on('click', function(){\r\n\t\t\tconst end = this.value.length;\r\n\t\t\tthis.setSelectionRange(end, end);\r\n\t\t\tthis.focus();\r\n\t\t});\r\n\t});\r\n});\t<\/script>\r\n<\/div>\r\n<!-- END GeoLocation Search --><!-- START Date Search -->\r\n<div class=\"em-search-scope em-search-field em-datepicker em-datepicker-range input\" data-separator=\"and\"  data-format=\"M j\">\r\n\t<label for=\"em-search-scope-0\" class=\"screen-reader-text\">Dates<\/label>\r\n\t<input id=\"em-search-scope-0\" type=\"hidden\" class=\"em-date-input em-search-scope\" aria-hidden=\"true\" placeholder=\"Dates\">\r\n\t<div class=\"em-datepicker-data\">\r\n\t\t<input type=\"date\" name=\"scope[0]\" value=\"\" aria-label=\"Dates\">\r\n\t\t<span class=\"separator\">and<\/span>\r\n\t\t<input type=\"date\" name=\"scope[1]\" value=\"\" aria-label=\"and\">\r\n\t<\/div>\r\n<\/div>\r\n<!-- END Date Search -->\t\t\t\t\t\t\t\t\t\t\t\t\t<input name=\"view\" type=\"hidden\" value=\"list-grouped\">\n\t\t\t\t\t\t\t\t<div class=\"em-search-submit input\">\n\t\t\t\t\t<button type=\"submit\" class=\"em-search-submit button-primary\">Buscar<\/button>\n\t\t\t\t<\/div>\n\t\t\t<\/div>\n\t\t\t\t\t\t\t\t\t\t\t<div class=\"em-modal em pixelbones em-search em-search-advanced em-events-search-advanced\" id=\"em-search-advanced-1776811897\" data-parent=\"em-search-form-1776811897\" data-view=\"list-grouped\">\n\t\t\t\t<div class=\"em-modal-popup\">\n\t\t\t\t\t<header>\n\t\t\t\t\t\t<a class=\"em-close-modal\" href=\"#\"><\/a><!-- close modal -->\n\t\t\t\t\t\t<div class=\"em-modal-title\">\n\t\t\t\t\t\t\tShow Advanced Search\t\t\t\t\t\t<\/div>\n\t\t\t\t\t<\/header>\n\t\t\t\t\t<div class=\"em-modal-content em-search-sections input\">\n\t\t\t\t\t\t<section class=\"em-search-main\">\n\t\t\t\t\t\t\t<!-- START General Search -->\n<div class=\"em-search-text em-search-field input\">\n\t<label for=\"em-search-text-1776811897\" class=\"screen-reader-text\">\n\t\tBuscar\t<\/label>\n\t<input type=\"text\" name=\"em_search\" class=\"em-search-text\" id=\"em-search-text-1776811897\"  placeholder=\"Buscar\" >\n<\/div>\n<!-- END General Search --><!-- START Date Search -->\r\n<div class=\"em-search-scope em-search-field em-datepicker em-datepicker-range input\" data-separator=\"and\"  data-format=\"M j\">\r\n\t<label for=\"em-search-scope-1776811897\" class=\"screen-reader-text\">Dates<\/label>\r\n\t<input id=\"em-search-scope-1776811897\" type=\"hidden\" class=\"em-date-input em-search-scope\" aria-hidden=\"true\" placeholder=\"Dates\">\r\n\t<div class=\"em-datepicker-data\">\r\n\t\t<input type=\"date\" name=\"scope[0]\" value=\"\" aria-label=\"Dates\">\r\n\t\t<span class=\"separator\">and<\/span>\r\n\t\t<input type=\"date\" name=\"scope[1]\" value=\"\" aria-label=\"and\">\r\n\t<\/div>\r\n<\/div>\r\n<!-- END Date Search --><!-- START GeoLocation Search -->\r\n<div class=\"em-search-geo em-search-field input\">\r\n\t<label for=\"em-search-geo-1776811897\" class=\"screen-reader-text\">\r\n\t\tNear...\t<\/label>\r\n\t<input type=\"text\" name=\"geo\" class=\"em-search-geo\" id=\"em-search-geo-1776811897\" value=\"\" placeholder=\"Near...\">\r\n\t<input type=\"hidden\" name=\"near\" class=\"em-search-geo-coords\" value=\"\" >\r\n\t<div id=\"em-search-geo-attr\" ><\/div>\r\n\t<script type=\"text\/javascript\">\r\n\t\tEM.geo_placeholder = 'Near...';\r\n\t\tEM.geo_alert_guess = 'Utilizaremos %s para buscar. \\n\\n Si esto es incorrecto, dale a cancelar y prueba una direcci\u00f3n m\u00e1s espec\u00edfica.';\r\n\t\t\t<\/script>\r\n<\/div>\r\n<!-- END GeoLocation Search -->\t\t\t\t\t\t<\/section>\n\t\t\t\t\t\t<section class=\"em-search-advanced-sections\">\n\t\t\t\t\t\t\t<section class=\"em-search-section-location em-search-advanced-section\">\n\t\t\t\t\t\t\t\t<header>Location Options<\/header>\n\t\t\t\t\t\t\t\t<div class=\"em-search-section-content\">\n\t\t\t\t\t\t\t\t\t<div class=\"em-search-location\" >\r\n\t<!-- START Country Search -->\r\n<div class=\"em-search-country em-search-field\">\r\n\t<label class=\"screen-reader-text\" for=\"em-search-country-1776811897\">\r\n\t\tCountry\t<\/label>\r\n\t<select name=\"country\" class=\"em-search-country em-selectize\" id=\"em-search-country-1776811897\">\r\n\t\t<option value=''>All Countries<\/option>\r\n\t\t\t\t<option value=\"ES\">Espa\u00f1a<\/option>\r\n\t\t\t\t<option value=\"US\">Estados Unidos<\/option>\r\n\t\t\t\t<option value=\"FR\">Francia<\/option>\r\n\t\t\t\t<option value=\"GB\">Reino Unido<\/option>\r\n\t\t\t<\/select>\r\n<\/div>\r\n<!-- END Country Search -->\t<div class=\"em-search-location-meta\" style=\"display:none;\">\r\n\t<!-- START Region Search -->\r\n<div class=\"em-search-region em-search-field\">\r\n\t<label class=\"screen-reader-text\" for=\"em-search-region-1776811897\">\r\n\t\tRegion\t<\/label>\r\n\t<select name=\"region\" class=\"em-search-region em-selectize\" id=\"em-search-region-1776811897\">\r\n\t\t<option value=''>All Regions<\/option>\r\n\t\t\t<\/select>\r\n<\/div>\t\r\n<!-- END Region Search --><!-- START State\/County Search -->\r\n<div class=\"em-search-state em-search-field\">\r\n\t<label class=\"screen-reader-text\" for=\"em-search-state-1776811897\">\r\n\t\tState\/County\t<\/label>\r\n\t<select name=\"state\" class=\"em-search-state em-selectize\">\r\n\t\t<option value=''>State\/County<\/option>\r\n\t\t\t<\/select>\r\n<\/div>\r\n<!-- END State\/County Search -->\t<\/div>\r\n<\/div><!-- START Geo Units Search -->\r\n<div class=\"em-search-geo-units em-search-field\" style=\"display:none;\">\r\n\t<label for=\"em-search-geo-unit-1776811897\">\r\n\t\tWithin\t<\/label>\r\n\t<select name=\"near_distance\" class=\"em-search-geo-distance\">\r\n\t    \t\t<option value=\"5\" >5<\/option>\r\n\t\t\t\t<option value=\"10\" >10<\/option>\r\n\t\t\t\t<option value=\"25\" selected=\"selected\">25<\/option>\r\n\t\t\t\t<option value=\"50\" >50<\/option>\r\n\t\t\t\t<option value=\"100\" >100<\/option>\r\n\t\t\t<\/select><label class=\"screen-reader-text\" for=\"em-search-geo-unit-1776811897\">unidades de distancia<\/label><select name=\"near_unit\" class=\"em-search-geo-unit\" id=\"em-search-geo-unit-1776811897\">\r\n\t\t<option value=\"mi\">Miles<\/option>\r\n\t\t<option value=\"km\" >Kilometers<\/option>\r\n\t<\/select>\r\n<\/div>\r\n<!-- END Geo Units Search -->\t\t\t\t\t\t\t\t<\/div>\n\t\t\t\t\t\t\t<\/section>\n\t\t\t\t\t\t\t\t\t\t\t\t\t\t\t<section class=\"em-search-section-categories em-search-advanced-section\">\n\t\t\t\t\t\t\t\t\t<header>Categories<\/header>\n\t\t\t\t\t\t\t\t\t<div class=\"em-search-section-content\">\n\t\t\t\t\t\t\t\t\t\t<!-- START Category Search -->\r\n<div class=\"em-search-category em-search-field\">\r\n\t<label for=\"em-search-category-1776811897\" class=\"screen-reader-text\">Categories<\/label>\r\n\r\n\t<select name=\"category[]\" class=\"em-search-category em-selectize always-open checkboxes\" id=\"em-search-category-1776811897\" multiple size=\"10\" placeholder=\"Search Categories...\">\r\n\t\t\t<option class=\"level-0\" value=\"17\">Concierto<\/option>\n\t<option class=\"level-0\" value=\"11\">Conferencia<\/option>\n\t<option class=\"level-0\" value=\"12\">Congreso<\/option>\n\t<option class=\"level-0\" value=\"98\">Documental de televisi\u00f3n<\/option>\n\t<option class=\"level-0\" value=\"13\">Ediciones\/publicaci\u00f3n de disco o revista<\/option>\n\t<option class=\"level-0\" value=\"47\">Estreno pel\u00edcula<\/option>\n\t<option class=\"level-0\" value=\"20\">Exposici\u00f3n<\/option>\n\t<option class=\"level-0\" value=\"14\">Presentaci\u00f3n Libro<\/option>\n\t<option class=\"level-0\" value=\"15\">Producci\u00f3n esc\u00e9nica<\/option>\n\t<option class=\"level-0\" value=\"23\">Taller<\/option>\n\t<option class=\"level-0\" value=\"29\">Tertulia<\/option>\n\t<option class=\"level-0\" value=\"32\">Tertulia radiof\u00f3nica<\/option>\n\t<option class=\"level-0\" value=\"26\">Visitas guiadas<\/option>\n\t<\/select>\r\n<\/div>\r\n<!-- END Category Search -->\t\t\t\t\t\t\t\t\t<\/div>\n\t\t\t\t\t\t\t\t<\/section>\n\t\t\t\t\t\t\t\t\t\t\t\t\t\t\t\t\t\t\t\t\t\t<section  class=\"em-search-section-tags em-search-advanced-section\">\n\t\t\t\t\t\t\t\t\t<header>Tags<\/header>\n\t\t\t\t\t\t\t\t\t<div class=\"em-search-section-content\">\n\t\t\t\t\t\t\t\t\t\t<!-- START Tag Search -->\r\n<div class=\"em-search-tag em-search-field\">\r\n\t<label for=\"em-search-tag-1776811897\" class=\"screen-reader-text\">Tags<\/label>\r\n\r\n\t<select name=\"tag[]\" class=\"em-search-tag em-selectize always-open checkboxes\" id=\"em-search-tag-1776811897\" multiple size=\"10\" placeholder=\"Search Tags...\">\r\n\t\t\t<option class=\"level-0\" value=\"71\">#concierto<\/option>\n\t<option class=\"level-0\" value=\"68\">#conferencia<\/option>\n\t<option class=\"level-0\" value=\"86\">retablo<\/option>\n\t<\/select>\r\n<\/div>\r\n<!-- END Tag Search -->\t\t\t\t\t\t\t\t\t<\/div>\n\t\t\t\t\t\t\t\t<\/section>\n\t\t\t\t\t\t\t\t\t\t\t\t\t<\/section>\n\t\t\t\t\t<\/div><!-- content -->\n\t\t\t\t\t<footer class=\"em-submit-section input\">\n\t\t\t\t\t\t<div>\n\t\t\t\t\t\t\t<button type=\"reset\" class=\"button button-secondary\">Clear All<\/button>\n\t\t\t\t\t\t<\/div>\n\t\t\t\t\t\t<div>\n\t\t\t\t\t\t\t<button type=\"submit\" class=\"button button-primary\">Buscar<\/button>\n\t\t\t\t\t\t<\/div>\n\t\t\t\t\t<\/footer>\n\t\t\t\t<\/div><!-- modal -->\n\t\t\t<\/div>\n\t\t\t<\/form>\n<\/div>\n\n\t<div class='em em-view-container has-search-main no-views no-advanced em-events-search' id=\"em-view-1776811897\" data-view=\"list-grouped\"><\/div>\n<br><div class=\"em em-view-container\" id=\"em-view-1450830073\" data-view=\"list-grouped\">\r\n\t<div class=\"em pixelbones em-list em-events-list em-events-list-grouped\" id=\"em-events-list-grouped-1450830073\">\r\n\tNo hay eventos\t<\/div>\r\n<\/div><\/p>","protected":false},"excerpt":{"rendered":"","protected":false},"author":377,"featured_media":0,"parent":0,"menu_order":0,"comment_status":"closed","ping_status":"open","template":"","meta":{"ngg_post_thumbnail":0},"aioseo_notices":[],"_links":{"self":[{"href":"https:\/\/blogs.cervantes.es\/retablo-centenario\/wp-json\/wp\/v2\/pages\/2"}],"collection":[{"href":"https:\/\/blogs.cervantes.es\/retablo-centenario\/wp-json\/wp\/v2\/pages"}],"about":[{"href":"https:\/\/blogs.cervantes.es\/retablo-centenario\/wp-json\/wp\/v2\/types\/page"}],"author":[{"embeddable":true,"href":"https:\/\/blogs.cervantes.es\/retablo-centenario\/wp-json\/wp\/v2\/users\/377"}],"replies":[{"embeddable":true,"href":"https:\/\/blogs.cervantes.es\/retablo-centenario\/wp-json\/wp\/v2\/comments?post=2"}],"version-history":[{"count":8,"href":"https:\/\/blogs.cervantes.es\/retablo-centenario\/wp-json\/wp\/v2\/pages\/2\/revisions"}],"predecessor-version":[{"id":1229,"href":"https:\/\/blogs.cervantes.es\/retablo-centenario\/wp-json\/wp\/v2\/pages\/2\/revisions\/1229"}],"wp:attachment":[{"href":"https:\/\/blogs.cervantes.es\/retablo-centenario\/wp-json\/wp\/v2\/media?parent=2"}],"curies":[{"name":"wp","href":"https:\/\/api.w.org\/{rel}","templated":true}]}}